{"id":262,"date":"2025-05-13T15:09:40","date_gmt":"2025-05-13T15:09:40","guid":{"rendered":"https:\/\/barcelonaxrlab.com\/politica-de-cookies\/"},"modified":"2025-05-13T15:09:40","modified_gmt":"2025-05-13T15:09:40","slug":"politica-de-cookies","status":"publish","type":"page","link":"https:\/\/barcelonaxrlab.com\/es\/politica-de-cookies\/","title":{"rendered":"Pol\u00edtica de cookies"},"content":{"rendered":"\n<p>Aquest lloc web utilitza cookies pr\u00f2pies i de tercers per millorar l\u2019experi\u00e8ncia de navegaci\u00f3 i per obtenir dades estad\u00edstiques sobre l\u2019\u00fas del lloc mitjan\u00e7ant Google Analytics.<\/p>\n\n\n\n<h2 class=\"wp-block-heading\">Qu\u00e8 s\u00f3n les cookies?<\/h2>\n\n\n\n<p>Les cookies s\u00f3n petits arxius de text que els llocs web poden utilitzar per fer m\u00e9s eficient l\u2019experi\u00e8ncia de l\u2019usuari. La llei estableix que podem emmagatzemar cookies al teu dispositiu si s\u00f3n estrictament necess\u00e0ries per al funcionament d\u2019aquest lloc. Per a tots els altres tipus de cookies necessitem el teu perm\u00eds.<\/p>\n\n\n\n<h2 class=\"wp-block-heading\">Tipus de cookies utilitzades en aquest lloc web:<\/h2>\n\n\n\n<ul class=\"wp-block-list\">\n<li><strong>Cookies t\u00e8cniques:<\/strong>\u00a0imprescindibles per al funcionament correcte del web.<\/li>\n\n\n\n<li><strong>Cookies d\u2019an\u00e0lisi:<\/strong>\u00a0utilitzades per recollir informaci\u00f3 sobre el comportament dels usuaris per tal de millorar el contingut i la usabilitat del lloc. Aquestes cookies s\u00f3n proporcionades per Google Analytics.<\/li>\n<\/ul>\n\n\n\n<h2 class=\"wp-block-heading\">Google Analytics<\/h2>\n\n\n\n<p>Aquest lloc web utilitza Google Analytics, un servei d\u2019anal\u00edtica web proporcionat per Google, Inc. Google Analytics utilitza cookies per ajudar a analitzar l\u2019\u00fas que fan els usuaris del lloc web. La informaci\u00f3 generada per la cookie sobre l\u2019\u00fas del lloc (incloent-hi la teva adre\u00e7a IP, que ser\u00e0 anonimitzada abans de ser emmagatzemada) ser\u00e0 transmesa i arxivada per Google en els seus servidors.<br><br>Pots obtenir m\u00e9s informaci\u00f3 sobre com Google utilitza les dades que recull a trav\u00e9s de Google Analytics aqu\u00ed: https:\/\/support.google.com\/analytics\/answer\/6004245<\/p>\n\n\n\n<h2 class=\"wp-block-heading\">Gesti\u00f3 de cookies<\/h2>\n\n\n\n<p>Pots acceptar o rebutjar l\u2019\u00fas de cookies mitjan\u00e7ant el panell de configuraci\u00f3 de cookies disponible al nostre lloc web.<br>Tamb\u00e9 pots configurar el teu navegador per rebutjar totes les cookies o per indicar quan s\u2019est\u00e0 enviant una cookie.<br><br>Consulta les instruccions espec\u00edfiques del teu navegador per a m\u00e9s informaci\u00f3 sobre com gestionar les cookies:<\/p>\n\n\n\n<ul class=\"wp-block-list\">\n<li>Chrome: https:\/\/support.google.com\/chrome\/answer\/95647<\/li>\n\n\n\n<li>Firefox: https:\/\/support.mozilla.org\/ca\/kb\/Activar%20i%20desactivar%20cookies<\/li>\n\n\n\n<li>Safari: https:\/\/support.apple.com\/ca-es\/guide\/safari\/sfri11471\/mac<\/li>\n\n\n\n<li>Edge: https:\/\/support.microsoft.com\/ca-es\/help\/4027947<\/li>\n<\/ul>\n\n\n\n<h2 class=\"wp-block-heading\">Canvis a la pol\u00edtica de cookies<\/h2>\n\n\n\n<p>Ens reservem el dret de modificar aquesta pol\u00edtica de cookies en qualsevol moment. Qualsevol canvi significatiu ser\u00e0 notificat en aquest lloc web.<br><br>Per a m\u00e9s informaci\u00f3 sobre el tractament de les teves dades personals, consulta la nostra Pol\u00edtica de privacitat.<\/p>\n\n\n\n<p><\/p>\n","protected":false},"excerpt":{"rendered":"<p>Aquest lloc web utilitza cookies pr\u00f2pies i de tercers per millorar l\u2019experi\u00e8ncia de navegaci\u00f3 i per obtenir dades estad\u00edstiques sobre l\u2019\u00fas del lloc mitjan\u00e7ant Google Analytics. Qu\u00e8 s\u00f3n les cookies? Les cookies s\u00f3n petits arxius de text que els llocs web poden utilitzar per fer m\u00e9s eficient l\u2019experi\u00e8ncia de l\u2019usuari. La llei estableix que podem &hellip; <a href=\"https:\/\/barcelonaxrlab.com\/es\/politica-de-cookies\/\">Continued<\/a><\/p>\n","protected":false},"author":4,"featured_media":0,"parent":0,"menu_order":0,"comment_status":"closed","ping_status":"closed","template":"template-legals.blade.php","meta":{"_acf_changed":false,"footnotes":""},"basics_global_taxonomy":[],"class_list":["post-262","page","type-page","status-publish","hentry"],"acf":[],"yoast_head":"<!-- This site is optimized with the Yoast SEO plugin v27.3 - https:\/\/yoast.com\/product\/yoast-seo-wordpress\/ -->\n<title>Pol\u00edtica de cookies - Barcelona XRLAB Palo Alto<\/title>\n<meta name=\"robots\" content=\"index, follow, max-snippet:-1, max-image-preview:large, max-video-preview:-1\" \/>\n<link rel=\"canonical\" href=\"https:\/\/barcelonaxrlab.com\/es\/politica-de-cookies\/\" \/>\n<meta property=\"og:locale\" content=\"es_ES\" \/>\n<meta property=\"og:type\" content=\"article\" \/>\n<meta property=\"og:title\" content=\"Pol\u00edtica de cookies - Barcelona XRLAB Palo Alto\" \/>\n<meta property=\"og:description\" content=\"Aquest lloc web utilitza cookies pr\u00f2pies i de tercers per millorar l\u2019experi\u00e8ncia de navegaci\u00f3 i per obtenir dades estad\u00edstiques sobre l\u2019\u00fas del lloc mitjan\u00e7ant Google Analytics. Qu\u00e8 s\u00f3n les cookies? Les cookies s\u00f3n petits arxius de text que els llocs web poden utilitzar per fer m\u00e9s eficient l\u2019experi\u00e8ncia de l\u2019usuari. La llei estableix que podem &hellip; Continued\" \/>\n<meta property=\"og:url\" content=\"https:\/\/barcelonaxrlab.com\/es\/politica-de-cookies\/\" \/>\n<meta property=\"og:site_name\" content=\"Barcelona XRLAB Palo Alto\" \/>\n<meta name=\"twitter:card\" content=\"summary_large_image\" \/>\n<meta name=\"twitter:label1\" content=\"Est. reading time\" \/>\n\t<meta name=\"twitter:data1\" content=\"2 minutes\" \/>\n<script type=\"application\/ld+json\" class=\"yoast-schema-graph\">{\"@context\":\"https:\\\/\\\/schema.org\",\"@graph\":[{\"@type\":\"WebPage\",\"@id\":\"https:\\\/\\\/barcelonaxrlab.com\\\/es\\\/politica-de-cookies\\\/\",\"url\":\"https:\\\/\\\/barcelonaxrlab.com\\\/es\\\/politica-de-cookies\\\/\",\"name\":\"Pol\u00edtica de cookies - Barcelona XRLAB Palo Alto\",\"isPartOf\":{\"@id\":\"https:\\\/\\\/barcelonaxrlab.com\\\/#website\"},\"datePublished\":\"2025-05-13T15:09:40+00:00\",\"breadcrumb\":{\"@id\":\"https:\\\/\\\/barcelonaxrlab.com\\\/es\\\/politica-de-cookies\\\/#breadcrumb\"},\"inLanguage\":\"es-ES\",\"potentialAction\":[{\"@type\":\"ReadAction\",\"target\":[\"https:\\\/\\\/barcelonaxrlab.com\\\/es\\\/politica-de-cookies\\\/\"]}]},{\"@type\":\"BreadcrumbList\",\"@id\":\"https:\\\/\\\/barcelonaxrlab.com\\\/es\\\/politica-de-cookies\\\/#breadcrumb\",\"itemListElement\":[{\"@type\":\"ListItem\",\"position\":1,\"name\":\"Home\",\"item\":\"https:\\\/\\\/barcelonaxrlab.com\\\/es\\\/\"},{\"@type\":\"ListItem\",\"position\":2,\"name\":\"Pol\u00edtica de cookies\"}]},{\"@type\":\"WebSite\",\"@id\":\"https:\\\/\\\/barcelonaxrlab.com\\\/#website\",\"url\":\"https:\\\/\\\/barcelonaxrlab.com\\\/\",\"name\":\"Barcelona XRLAB Palo Alto\",\"description\":\"Descobreix. Crea. Innova.\",\"potentialAction\":[{\"@type\":\"SearchAction\",\"target\":{\"@type\":\"EntryPoint\",\"urlTemplate\":\"https:\\\/\\\/barcelonaxrlab.com\\\/?s={search_term_string}\"},\"query-input\":{\"@type\":\"PropertyValueSpecification\",\"valueRequired\":true,\"valueName\":\"search_term_string\"}}],\"inLanguage\":\"es-ES\"}]}<\/script>\n<!-- \/ Yoast SEO plugin. -->","yoast_head_json":{"title":"Pol\u00edtica de cookies - Barcelona XRLAB Palo Alto","robots":{"index":"index","follow":"follow","max-snippet":"max-snippet:-1","max-image-preview":"max-image-preview:large","max-video-preview":"max-video-preview:-1"},"canonical":"https:\/\/barcelonaxrlab.com\/es\/politica-de-cookies\/","og_locale":"es_ES","og_type":"article","og_title":"Pol\u00edtica de cookies - Barcelona XRLAB Palo Alto","og_description":"Aquest lloc web utilitza cookies pr\u00f2pies i de tercers per millorar l\u2019experi\u00e8ncia de navegaci\u00f3 i per obtenir dades estad\u00edstiques sobre l\u2019\u00fas del lloc mitjan\u00e7ant Google Analytics. Qu\u00e8 s\u00f3n les cookies? Les cookies s\u00f3n petits arxius de text que els llocs web poden utilitzar per fer m\u00e9s eficient l\u2019experi\u00e8ncia de l\u2019usuari. La llei estableix que podem &hellip; Continued","og_url":"https:\/\/barcelonaxrlab.com\/es\/politica-de-cookies\/","og_site_name":"Barcelona XRLAB Palo Alto","twitter_card":"summary_large_image","twitter_misc":{"Est. reading time":"2 minutes"},"schema":{"@context":"https:\/\/schema.org","@graph":[{"@type":"WebPage","@id":"https:\/\/barcelonaxrlab.com\/es\/politica-de-cookies\/","url":"https:\/\/barcelonaxrlab.com\/es\/politica-de-cookies\/","name":"Pol\u00edtica de cookies - Barcelona XRLAB Palo Alto","isPartOf":{"@id":"https:\/\/barcelonaxrlab.com\/#website"},"datePublished":"2025-05-13T15:09:40+00:00","breadcrumb":{"@id":"https:\/\/barcelonaxrlab.com\/es\/politica-de-cookies\/#breadcrumb"},"inLanguage":"es-ES","potentialAction":[{"@type":"ReadAction","target":["https:\/\/barcelonaxrlab.com\/es\/politica-de-cookies\/"]}]},{"@type":"BreadcrumbList","@id":"https:\/\/barcelonaxrlab.com\/es\/politica-de-cookies\/#breadcrumb","itemListElement":[{"@type":"ListItem","position":1,"name":"Home","item":"https:\/\/barcelonaxrlab.com\/es\/"},{"@type":"ListItem","position":2,"name":"Pol\u00edtica de cookies"}]},{"@type":"WebSite","@id":"https:\/\/barcelonaxrlab.com\/#website","url":"https:\/\/barcelonaxrlab.com\/","name":"Barcelona XRLAB Palo Alto","description":"Descobreix. Crea. Innova.","potentialAction":[{"@type":"SearchAction","target":{"@type":"EntryPoint","urlTemplate":"https:\/\/barcelonaxrlab.com\/?s={search_term_string}"},"query-input":{"@type":"PropertyValueSpecification","valueRequired":true,"valueName":"search_term_string"}}],"inLanguage":"es-ES"}]}},"_links":{"self":[{"href":"https:\/\/barcelonaxrlab.com\/es\/wp-json\/wp\/v2\/pages\/262","targetHints":{"allow":["GET"]}}],"collection":[{"href":"https:\/\/barcelonaxrlab.com\/es\/wp-json\/wp\/v2\/pages"}],"about":[{"href":"https:\/\/barcelonaxrlab.com\/es\/wp-json\/wp\/v2\/types\/page"}],"author":[{"embeddable":true,"href":"https:\/\/barcelonaxrlab.com\/es\/wp-json\/wp\/v2\/users\/4"}],"replies":[{"embeddable":true,"href":"https:\/\/barcelonaxrlab.com\/es\/wp-json\/wp\/v2\/comments?post=262"}],"version-history":[{"count":0,"href":"https:\/\/barcelonaxrlab.com\/es\/wp-json\/wp\/v2\/pages\/262\/revisions"}],"wp:attachment":[{"href":"https:\/\/barcelonaxrlab.com\/es\/wp-json\/wp\/v2\/media?parent=262"}],"wp:term":[{"taxonomy":"basics_global_taxonomy","embeddable":true,"href":"https:\/\/barcelonaxrlab.com\/es\/wp-json\/wp\/v2\/basics_global_taxonomy?post=262"}],"curies":[{"name":"wp","href":"https:\/\/api.w.org\/{rel}","templated":true}]}}