{"id":227,"date":"2025-05-13T15:12:44","date_gmt":"2025-05-13T15:12:44","guid":{"rendered":"https:\/\/barcelonaxrlab.com\/avis-legal\/"},"modified":"2025-06-06T10:09:29","modified_gmt":"2025-06-06T10:09:29","slug":"aviso-legal","status":"publish","type":"page","link":"https:\/\/barcelonaxrlab.com\/es\/aviso-legal\/","title":{"rendered":"Aviso legal"},"content":{"rendered":"\n<h2 class=\"wp-block-heading\">Informaci\u00f3 de la companyia<\/h2>\n\n\n\n<p><strong>En compliment de l&#8217;article 10 de la Llei 34\/2002, d&#8217;11 de Juliol, de Serveis de la Societat de la Informaci\u00f3 i Comer\u00e7 Electr\u00f2nic, s&#8217;exposen les dades identificatives seg\u00fcents del titular del lloc\u00a0<a href=\"https:\/\/barcelonaxrlab.com\/es\/\">web<\/a>\u00a0<a href=\"https:\/\/barcelonaxrlab.com\/es\/\">https:\/\/barcelonaxrlab.com\/<\/a><\/strong> <strong>i que s\u00f3n les seg\u00fcents:<\/strong><br><br><strong>LAVINIA SERVICES AUDIO VIDEO SLU-ARTS MEDIATECH BCN SLU-INGENIA CULTURA SL, UNI\u00d3 TEMPORAL D\u2019EMPRESES\u201d (UTE PALO ALTO BCN XRLAB),\u00a0amb domicili social a Barcelona (08005) carrer Pujades 79 i provista de NIF U72981061.<\/strong><\/p>\n\n\n\n<h3 class=\"wp-block-heading\">Objecte<\/h3>\n\n\n\n<p>Les presents condicions generals (\u201cCondicions Generals\u201d) regulen l&#8217;acc\u00e9s i \u00fas per part de qualsevol persona (\u201cUsuari\u201d) de la p\u00e0gina que integra el domini\u00a0web <a href=\"https:\/\/barcelonaxrlab.com\/es\/\">https:\/\/barcelonaxrlab.com\/<\/a> (\u201cLloc Web\u201d), titularitat de\u00a0<strong>UTE Barcelona XRLAB Palo Alto<\/strong>\u00a0(d&#8217;ara endavant \u201cLA UTE\u201d), aix\u00ed com els continguts i serveis que s&#8217;hi inclouen.<br><br>L&#8217;acc\u00e9s a aquest Lloc Web o la seva utilitzaci\u00f3 per l&#8217;Usuari implica necess\u00e0riament, i sense reserves, el sotmetiment i l&#8217;acceptaci\u00f3 de les Condicions generals. Per tant, es recomana que l&#8217;Usuari les llegeixi detingudament cada cop que vulgui entrar al Lloc Web de la UTE.<br>La UTE es reserva la facultat d&#8217;efectuar, en qualsevol moment i sense necessitat de cap preav\u00eds, qualsevol modificaci\u00f3 o actualitzaci\u00f3 dels continguts i serveis, de les Condicions generals i, en general, de tots els elements que integrin el disseny i la configuraci\u00f3 del seu Lloc Web.<\/p>\n\n\n\n<h3 class=\"wp-block-heading\">Exclusi\u00f3 de responsabilitat<\/h3>\n\n\n\n<p>L&#8217;acc\u00e9s de l&#8217;usuari al lloc web no implica per a La UTE l&#8217;obligaci\u00f3 de controlar l&#8217;abs\u00e8ncia de virus o qualsevol altre element inform\u00e0tic nociu. Correspon a l&#8217;Usuari, en tot cas, la disponibilitat d&#8217;eines adequades per a la detecci\u00f3 i la desinfecci\u00f3 de programes inform\u00e0tics perjudicials. La UTE no es responsabilitza dels danys produ\u00efts al programari i\/o equips inform\u00e0tics de l&#8217;Usuari o de tercers durant la utilitzaci\u00f3 dels serveis oferts al Lloc Web o la navegaci\u00f3 per aquesta. La UTE no es responsabilitza dels danys o perjudicis de qualsevol tipus produ\u00efts a l&#8217;Usuari que portin causa de fallades o desconnexions a les xarxes de telecomunicacions que produeixin la suspensi\u00f3, cancel\u00b7laci\u00f3 o interrupci\u00f3 del servei del Lloc Web durant la prestaci\u00f3 del mateix o amb car\u00e0cter previ.<\/p>\n\n\n\n<h3 class=\"wp-block-heading\">Acc\u00e9s i \u00fas del Lloc Web<\/h3>\n\n\n\n<p>L&#8217;Usuari accedeix al Lloc Web sota la seva responsabilitat exclusiva. Els continguts i serveis presentats al Lloc Web tenen com a finalitat la difusi\u00f3 d&#8217;informaci\u00f3 sobre les activitats desenvolupades per la UTE. Els continguts del Lloc Web no es podran considerar en cap cas assessorament sobre cap q\u00fcesti\u00f3.<br>L&#8217;Usuari \u00e9s completament responsable de l&#8217;acc\u00e9s i \u00fas correcte del Lloc Web amb subjecci\u00f3 a la legalitat vigent, sigui nacional i\/o internacional, aix\u00ed com als principis de bona fe, a la moral, bons costums i ordre p\u00fablic. I, espec\u00edficament, adquireix el comprom\u00eds d&#8217;observar diligentment aquestes Condicions Generals.<br>L&#8217;Usuari s&#8217;abstindr\u00e0 de fer servir els serveis i continguts del Lloc Web amb fins o efectes il\u00b7l\u00edcits i que siguin lesius dels drets i interessos de tercers, o que de qualsevol manera puguin danyar, inutilitzar, afectar o deteriorar el Lloc Web, els seus continguts i els seus serveis. Aix\u00ed mateix, queda prohibit impedir la normal utilitzaci\u00f3 o gaudi del Lloc Web a altres usuaris.<br>Els qui incompleixin aquestes obligacions responen de qualsevol perjudici o dany que ocasionin. La UTE no respondr\u00e0 de cap conseq\u00fc\u00e8ncia, dany o perjudici que poguessin derivar-se del dit acc\u00e9s o \u00fas il\u00b7l\u00edcit per part de tercers.<br>La UTE posar\u00e0 els mitjans raonables a la seva disposici\u00f3 perqu\u00e8 els continguts i serveis inclosos al seu lloc web siguin exactes i estiguin actualitzats. Tot i aix\u00f2, La UTE no est\u00e0 en condicions de poder garantir aquesta circumst\u00e0ncia en tot moment.<br>At\u00e8s que l&#8217;usuari pot descarregar determinats continguts del lloc web, la UTE disposa de la infraestructura necess\u00e0ria per evitar danys derivats de l&#8217;exist\u00e8ncia de virus inform\u00e0tics. La UTE no es fa responsable dels potencials danys o errors que, deguts a la pres\u00e8ncia de qualsevol virus, pugui patir el sistema inform\u00e0tic (maquinari o programari) de l&#8217;Usuari quan aquest accedeixi al Lloc Web o la faci servir.<br>Igualment, la UTE informar\u00e0 a l&#8217;Usuari sobre les especificacions t\u00e8cniques necess\u00e0ries per descarregar informaci\u00f3 i continguts del seu lloc web. Es prega a l&#8217;Usuari que pari atenci\u00f3 a aquests missatges d&#8217;av\u00eds, ja que la UTE no es responsabilitza dels danys i perjudicis que puguin patir els equips inform\u00e0tics de l&#8217;Usuari perqu\u00e8 aquest hLa UTEi fet servir de manera indeguda o negligent el Lloc Web.<\/p>\n\n\n\n<h3 class=\"wp-block-heading\">Propietat intel\u00b7lectual i propietat industrial<\/h3>\n\n\n\n<p>Tots els continguts, sense exclusi\u00f3 i de forma no limitativa, que formen part del Lloc Web, \u00e9s a dir, informaci\u00f3, articles, dades, textos, logos, icones, imatges, disseny i imatge del Lloc Web (aparen\u00e7a externa o look and feel), fitxers de v\u00eddeo, fitxers d\u2019 \u00e0udio, bases de dades i aplicacions inform\u00e0tiques, s\u00f3n propietat de la UTE o de tercers<br>Aquests estan protegits per les lleis de propietat intel\u00b7lectual i industrial vigents<br>Queda prohibida qualsevol forma de reproducci\u00f3, distribuci\u00f3, comunicaci\u00f3 p\u00fablica, transformaci\u00f3, desc\u00e0rrega i, en general, qualsevol acte d&#8217;explotaci\u00f3 de la totalitat o part dels continguts (imatges, textos, dissenys, \u00edndexs, formes, etc.) que integren el Lloc Web, aix\u00ed com de les bases de dades i del programari necessari per a la seva visualitzaci\u00f3 o funcionament, que no compti amb l&#8217;expressa i pr\u00e8via autoritzaci\u00f3 escrita<br><br>Tot \u00fas o explotaci\u00f3 dels continguts requereixen una autoritzaci\u00f3 pr\u00e8via i per escrit de la UTE. En concret, es prohibeix a l&#8217;Usuari reproduir, distribuir, comunicar p\u00fablicament (incl\u00f2s el dret de posada a disposici\u00f3), fixar, transformar, col\u00b7leccionar i, de qualsevol altra manera, explotar els continguts apareguts al Lloc Web sense l&#8217;autoritzaci\u00f3 pr\u00e8via i per escrit<br>Totes les marques, logotips o signes distintius assenyalats al Lloc Web s\u00f3n marques titularitat de la UTE i\/o de tercers que l\u2019Usuari no pot usar en cap cas.<\/p>\n\n\n\n<h3 class=\"wp-block-heading\">Enlla\u00e7os<\/h3>\n\n\n\n<p>Tot enlla\u00e7 hipertextual, profund, framing, o qualsevol altre tipus de connexi\u00f3 virtual a trav\u00e9s de xarxes de telecomunicaci\u00f3 des de qualsevol lloc web o adre\u00e7a URL (\u201cEnlla\u00e7os\u201d) al Lloc Web, haur\u00e0 de ser autoritzat pr\u00e8viament i per escrit, havent destablir lenlla\u00e7 en tot cas a la seva p\u00e0gina inicial.<br>La UTE vol aclarir que els Enlla\u00e7os a p\u00e0gines web de tercers que, en el seu cas, contingui el Lloc Web tenen \u00fanicament una finalitat orientativa, sent el seu objecte posar a disposici\u00f3 de l&#8217;Usuari altres fonts d&#8217;informaci\u00f3 que poguessin ser del seu inter\u00e8s.<br>Si qualsevol Usuari o tercer observa que aquests Enlla\u00e7os poden ser contraris a les lleis, la moral o l&#8217;ordre p\u00fablic, o que s\u00f3n o poden ser susceptibles d&#8217;incitar a la viol\u00e8ncia o a la discriminaci\u00f3 per raons sexuals, ideol\u00f2giques, religioses o racials, es sol\u00b7licita que ho posi en el nostre coneixement a trav\u00e9s de l&#8217;adre\u00e7a de la UTE:<br><br>Barcelona (08005)<br>carrer Pujades 79.<br><br>Al marge del que disposa legalment, la UTE declina qualsevol responsabilitat en relaci\u00f3 amb els continguts dels Enlla\u00e7os o amb els danys o errors que, per qualsevol virus present en accedir-hi o en utilitzar-los, puguin patir els sistemes inform\u00e0tics (hardware i software) de l&#8217;Usuari.<\/p>\n\n\n\n<h3 class=\"wp-block-heading\">Pol\u00edtica de Privadesa<\/h3>\n\n\n\n<p>El tractament de dades de car\u00e0cter personal que pugui efectuar-se a trav\u00e9s del Lloc Web es regir\u00e0 pel que estableix la Pol\u00edtica de Privadesa, accessible en tot moment des del Lloc Web, sent part integrant del present Av\u00eds Legal.<\/p>\n\n\n\n<h3 class=\"wp-block-heading\">Pol\u00edtica de Cookies<\/h3>\n\n\n\n<p>L&#8217;\u00fas de dispositius d&#8217;emmagatzematge i recuperaci\u00f3 de dades, tamb\u00e9 coneguts com a cookies o tecnologies similars, a trav\u00e9s del Lloc Web es regir\u00e0 pel que estableix la Pol\u00edtica de Cookies, accessible en tot moment des del Lloc Web, i \u00e9s part integrant del present Av\u00eds Legal. Pot consultar tota la informaci\u00f3 a POL\u00cdTICA DE COOKIES, a la que es pot accedir a trav\u00e9s del\u00a0link<a href=\" https:\/\/barcelonaxrlab.com\/politica-de-cookies\/\"> https:\/\/barcelonaxrlab.com\/politica-de-cookies\/<\/a><\/p>\n\n\n\n<h3 class=\"wp-block-heading\">Prevalen\u00e7a de disposicions<\/h3>\n\n\n\n<p>En cas que hi hagi discrep\u00e0ncia entre el que estableix aquest Av\u00eds Legal en la versi\u00f3 catalana i en altres versions ling\u00fc\u00edstiques, prevaldr\u00e0 el que disposa aquesta primera.<\/p>\n\n\n\n<h3 class=\"wp-block-heading\">Nul\u00b7litat i inefic\u00e0cia de les cl\u00e0usules<\/h3>\n\n\n\n<p>Si qualsevol cl\u00e0usula inclosa en aquest Av\u00eds Legal fos declarada totalment o parcialment nul\u00b7la o inefica\u00e7, aquesta nul\u00b7litat o inefic\u00e0cia nom\u00e9s afectar\u00e0 aquesta disposici\u00f3 o la seva part que resulti nul\u00b7la o inefica\u00e7, subsistint l&#8217;Av\u00eds Legal en tota la resta i considerant-se aquesta disposici\u00f3 totalment o parcialment per no inclosa.<\/p>\n\n\n\n<h3 class=\"wp-block-heading\">Legislaci\u00f3 i jurisdicci\u00f3 aplicable<\/h3>\n\n\n\n<p>Aquestes Condicions generals queden subjectes a l&#8217;ordenament jur\u00eddic espanyol.<br>Per a resoldre qualsevol conflicte que pogu\u00e9s derivar-se de l&#8217;acc\u00e9s al Lloc Web, l&#8217;Usuari i la UTE acorden sotmetre&#8217;s expressament als jutjats i tribunals de la ciutat de Barcelona, \u200b\u200bamb ren\u00fancia a qualsevol altre fur general o especial que els hi pogu\u00e9s correspondre.<\/p>\n","protected":false},"excerpt":{"rendered":"<p>Informaci\u00f3 de la companyia En compliment de l&#8217;article 10 de la Llei 34\/2002, d&#8217;11 de Juliol, de Serveis de la Societat de la Informaci\u00f3 i Comer\u00e7 Electr\u00f2nic, s&#8217;exposen les dades identificatives seg\u00fcents del titular del lloc\u00a0web\u00a0https:\/\/barcelonaxrlab.com\/ i que s\u00f3n les seg\u00fcents: LAVINIA SERVICES AUDIO VIDEO SLU-ARTS MEDIATECH BCN SLU-INGENIA CULTURA SL, UNI\u00d3 TEMPORAL D\u2019EMPRESES\u201d (UTE &hellip; <a href=\"https:\/\/barcelonaxrlab.com\/es\/aviso-legal\/\">Continued<\/a><\/p>\n","protected":false},"author":4,"featured_media":0,"parent":0,"menu_order":0,"comment_status":"closed","ping_status":"closed","template":"template-legals.blade.php","meta":{"_acf_changed":false,"footnotes":""},"basics_global_taxonomy":[],"class_list":["post-227","page","type-page","status-publish","hentry"],"acf":[],"yoast_head":"<!-- This site is optimized with the Yoast SEO plugin v27.3 - https:\/\/yoast.com\/product\/yoast-seo-wordpress\/ -->\n<title>Aviso legal - Barcelona XRLAB Palo Alto<\/title>\n<meta name=\"robots\" content=\"index, follow, max-snippet:-1, max-image-preview:large, max-video-preview:-1\" \/>\n<link rel=\"canonical\" href=\"https:\/\/barcelonaxrlab.com\/es\/aviso-legal\/\" \/>\n<meta property=\"og:locale\" content=\"es_ES\" \/>\n<meta property=\"og:type\" content=\"article\" \/>\n<meta property=\"og:title\" content=\"Aviso legal - Barcelona XRLAB Palo Alto\" \/>\n<meta property=\"og:description\" content=\"Informaci\u00f3 de la companyia En compliment de l&#8217;article 10 de la Llei 34\/2002, d&#8217;11 de Juliol, de Serveis de la Societat de la Informaci\u00f3 i Comer\u00e7 Electr\u00f2nic, s&#8217;exposen les dades identificatives seg\u00fcents del titular del lloc\u00a0web\u00a0https:\/\/barcelonaxrlab.com\/ i que s\u00f3n les seg\u00fcents: LAVINIA SERVICES AUDIO VIDEO SLU-ARTS MEDIATECH BCN SLU-INGENIA CULTURA SL, UNI\u00d3 TEMPORAL D\u2019EMPRESES\u201d (UTE &hellip; Continued\" \/>\n<meta property=\"og:url\" content=\"https:\/\/barcelonaxrlab.com\/es\/aviso-legal\/\" \/>\n<meta property=\"og:site_name\" content=\"Barcelona XRLAB Palo Alto\" \/>\n<meta property=\"article:modified_time\" content=\"2025-06-06T10:09:29+00:00\" \/>\n<meta name=\"twitter:card\" content=\"summary_large_image\" \/>\n<meta name=\"twitter:label1\" content=\"Est. reading time\" \/>\n\t<meta name=\"twitter:data1\" content=\"8 minutes\" \/>\n<script type=\"application\/ld+json\" class=\"yoast-schema-graph\">{\"@context\":\"https:\\\/\\\/schema.org\",\"@graph\":[{\"@type\":\"WebPage\",\"@id\":\"https:\\\/\\\/barcelonaxrlab.com\\\/es\\\/aviso-legal\\\/\",\"url\":\"https:\\\/\\\/barcelonaxrlab.com\\\/es\\\/aviso-legal\\\/\",\"name\":\"Aviso legal - Barcelona XRLAB Palo Alto\",\"isPartOf\":{\"@id\":\"https:\\\/\\\/barcelonaxrlab.com\\\/#website\"},\"datePublished\":\"2025-05-13T15:12:44+00:00\",\"dateModified\":\"2025-06-06T10:09:29+00:00\",\"breadcrumb\":{\"@id\":\"https:\\\/\\\/barcelonaxrlab.com\\\/es\\\/aviso-legal\\\/#breadcrumb\"},\"inLanguage\":\"es-ES\",\"potentialAction\":[{\"@type\":\"ReadAction\",\"target\":[\"https:\\\/\\\/barcelonaxrlab.com\\\/es\\\/aviso-legal\\\/\"]}]},{\"@type\":\"BreadcrumbList\",\"@id\":\"https:\\\/\\\/barcelonaxrlab.com\\\/es\\\/aviso-legal\\\/#breadcrumb\",\"itemListElement\":[{\"@type\":\"ListItem\",\"position\":1,\"name\":\"Home\",\"item\":\"https:\\\/\\\/barcelonaxrlab.com\\\/es\\\/\"},{\"@type\":\"ListItem\",\"position\":2,\"name\":\"Aviso legal\"}]},{\"@type\":\"WebSite\",\"@id\":\"https:\\\/\\\/barcelonaxrlab.com\\\/#website\",\"url\":\"https:\\\/\\\/barcelonaxrlab.com\\\/\",\"name\":\"Barcelona XRLAB Palo Alto\",\"description\":\"Descobreix. Crea. Innova.\",\"potentialAction\":[{\"@type\":\"SearchAction\",\"target\":{\"@type\":\"EntryPoint\",\"urlTemplate\":\"https:\\\/\\\/barcelonaxrlab.com\\\/?s={search_term_string}\"},\"query-input\":{\"@type\":\"PropertyValueSpecification\",\"valueRequired\":true,\"valueName\":\"search_term_string\"}}],\"inLanguage\":\"es-ES\"}]}<\/script>\n<!-- \/ Yoast SEO plugin. -->","yoast_head_json":{"title":"Aviso legal - Barcelona XRLAB Palo Alto","robots":{"index":"index","follow":"follow","max-snippet":"max-snippet:-1","max-image-preview":"max-image-preview:large","max-video-preview":"max-video-preview:-1"},"canonical":"https:\/\/barcelonaxrlab.com\/es\/aviso-legal\/","og_locale":"es_ES","og_type":"article","og_title":"Aviso legal - Barcelona XRLAB Palo Alto","og_description":"Informaci\u00f3 de la companyia En compliment de l&#8217;article 10 de la Llei 34\/2002, d&#8217;11 de Juliol, de Serveis de la Societat de la Informaci\u00f3 i Comer\u00e7 Electr\u00f2nic, s&#8217;exposen les dades identificatives seg\u00fcents del titular del lloc\u00a0web\u00a0https:\/\/barcelonaxrlab.com\/ i que s\u00f3n les seg\u00fcents: LAVINIA SERVICES AUDIO VIDEO SLU-ARTS MEDIATECH BCN SLU-INGENIA CULTURA SL, UNI\u00d3 TEMPORAL D\u2019EMPRESES\u201d (UTE &hellip; Continued","og_url":"https:\/\/barcelonaxrlab.com\/es\/aviso-legal\/","og_site_name":"Barcelona XRLAB Palo Alto","article_modified_time":"2025-06-06T10:09:29+00:00","twitter_card":"summary_large_image","twitter_misc":{"Est. reading time":"8 minutes"},"schema":{"@context":"https:\/\/schema.org","@graph":[{"@type":"WebPage","@id":"https:\/\/barcelonaxrlab.com\/es\/aviso-legal\/","url":"https:\/\/barcelonaxrlab.com\/es\/aviso-legal\/","name":"Aviso legal - Barcelona XRLAB Palo Alto","isPartOf":{"@id":"https:\/\/barcelonaxrlab.com\/#website"},"datePublished":"2025-05-13T15:12:44+00:00","dateModified":"2025-06-06T10:09:29+00:00","breadcrumb":{"@id":"https:\/\/barcelonaxrlab.com\/es\/aviso-legal\/#breadcrumb"},"inLanguage":"es-ES","potentialAction":[{"@type":"ReadAction","target":["https:\/\/barcelonaxrlab.com\/es\/aviso-legal\/"]}]},{"@type":"BreadcrumbList","@id":"https:\/\/barcelonaxrlab.com\/es\/aviso-legal\/#breadcrumb","itemListElement":[{"@type":"ListItem","position":1,"name":"Home","item":"https:\/\/barcelonaxrlab.com\/es\/"},{"@type":"ListItem","position":2,"name":"Aviso legal"}]},{"@type":"WebSite","@id":"https:\/\/barcelonaxrlab.com\/#website","url":"https:\/\/barcelonaxrlab.com\/","name":"Barcelona XRLAB Palo Alto","description":"Descobreix. Crea. Innova.","potentialAction":[{"@type":"SearchAction","target":{"@type":"EntryPoint","urlTemplate":"https:\/\/barcelonaxrlab.com\/?s={search_term_string}"},"query-input":{"@type":"PropertyValueSpecification","valueRequired":true,"valueName":"search_term_string"}}],"inLanguage":"es-ES"}]}},"_links":{"self":[{"href":"https:\/\/barcelonaxrlab.com\/es\/wp-json\/wp\/v2\/pages\/227","targetHints":{"allow":["GET"]}}],"collection":[{"href":"https:\/\/barcelonaxrlab.com\/es\/wp-json\/wp\/v2\/pages"}],"about":[{"href":"https:\/\/barcelonaxrlab.com\/es\/wp-json\/wp\/v2\/types\/page"}],"author":[{"embeddable":true,"href":"https:\/\/barcelonaxrlab.com\/es\/wp-json\/wp\/v2\/users\/4"}],"replies":[{"embeddable":true,"href":"https:\/\/barcelonaxrlab.com\/es\/wp-json\/wp\/v2\/comments?post=227"}],"version-history":[{"count":1,"href":"https:\/\/barcelonaxrlab.com\/es\/wp-json\/wp\/v2\/pages\/227\/revisions"}],"predecessor-version":[{"id":228,"href":"https:\/\/barcelonaxrlab.com\/es\/wp-json\/wp\/v2\/pages\/227\/revisions\/228"}],"wp:attachment":[{"href":"https:\/\/barcelonaxrlab.com\/es\/wp-json\/wp\/v2\/media?parent=227"}],"wp:term":[{"taxonomy":"basics_global_taxonomy","embeddable":true,"href":"https:\/\/barcelonaxrlab.com\/es\/wp-json\/wp\/v2\/basics_global_taxonomy?post=227"}],"curies":[{"name":"wp","href":"https:\/\/api.w.org\/{rel}","templated":true}]}}