{"id":263,"date":"2025-04-28T08:40:08","date_gmt":"2025-04-28T08:40:08","guid":{"rendered":"https:\/\/barcelonaxrlab.com\/privacy-policy\/"},"modified":"2025-06-06T14:30:52","modified_gmt":"2025-06-06T14:30:52","slug":"privacy-policy","status":"publish","type":"page","link":"https:\/\/barcelonaxrlab.com\/en\/privacy-policy\/","title":{"rendered":"Privacy Policy"},"content":{"rendered":"\n<p><strong>Aquesta Pol\u00edtica de Protecci\u00f3 de dades i de privadesa regula el tractament de dades personals facilitades per l&#8217;Usuari a trav\u00e9s del Web Site que la UTE posa a disposici\u00f3 dels usuaris d&#8217;Internet. Aquesta Pol\u00edtica forma part integrant de l&#8217;Av\u00eds Legal accessible en tot moment des del Web Site.<br>L&#8217;Usuari garanteix que les dades aportades s\u00f3n vertaderes, exactes, completes i actualitzades, i \u00e9s responsable de qualsevol dany o perjudici, directe o indirecte, que es pugui ocasionar com a conseq\u00fc\u00e8ncia de l&#8217;incompliment d&#8217;aquesta obligaci\u00f3. En el cas de que les dades aportades pertanyessin a un tercer, l&#8217;Usuari garanteix que ha informat el tercer dels aspectes continguts en aquest document i ha obtingut la seva autoritzaci\u00f3 i consentiment per facilitar les seves dades a la UTE per als fins assenyalats.<br><br>El Web Site pot oferir funcionalitats per compartir continguts a trav\u00e9s d&#8217;aplicacions de tercers, com ara Linkedin, Facebook o Twitter. Aquestes aplicacions poden recollir i tractar informaci\u00f3 relacionada amb la navegaci\u00f3 de l&#8217;Usuari als diferents llocs webs. Qualsevol informaci\u00f3 personal que es recull a trav\u00e9s d&#8217;aquestes aplicacions, pot ser utilitzada per tercers usuaris de les mateixes, i les seves interaccions estan sotmeses a les pol\u00edtiques de privadesa de les companyies que faciliten les aplicacions.<br><br>El lloc web pot allotjar blocs, f\u00f2rums, i altres aplicacions o serveis de xarxes socials amb la finalitat de facilitar l&#8217;intercanvi de coneixement i contingut. Qualsevol informaci\u00f3 personal que faciliti l&#8217;Usuari pot ser compartida amb altres usuaris d&#8217;aquest servei, sobre els quals la UTE no t\u00e9 cap control. A fi d&#8217;oferir informaci\u00f3 o serveis d&#8217;inter\u00e8s en funci\u00f3 de la localitzaci\u00f3 de l&#8217;Usuari, la UTE podr\u00e0 accedir a dades relatives a la geolocalitzaci\u00f3 del dispositiu de l&#8217;Usuari, en els casos en qu\u00e8 aix\u00ed ho permeti la configuraci\u00f3 de l&#8217;Usuari.<br>A efectes de seguretat t\u00e8cnica i diagn\u00f2stic de sistemes, de forma anonimitzada la UTE podr\u00e0 registrar l&#8217;adre\u00e7a IP (nombre d&#8217;identificaci\u00f3 de l&#8217;acc\u00e9s a Internet del dispositiu, que permet als dispositius, sistemes i servidors recon\u00e8ixer-se i comunicar-se entre s\u00ed). Aquesta informaci\u00f3 tamb\u00e9 podr\u00e0 ser emprada amb finalitats anal\u00edtiques de rendiment web.<\/strong><\/p>\n\n\n\n<h2 class=\"wp-block-heading\">Qui \u00e9s el responsable del tractament de les dades personals de l&#8217;usuari?<\/h2>\n\n\n\n<p>LAVINIA SERVICES AUDIO VIDEO SLU-ARTS MEDIATECH BCN SLU-INGENIA CULTURA SL, UNIO TEMPORAL D\u2019EMPRESES\u201d (UTE PALO ALTO BCN XRLAB), amb domicili social a Barcelona (08005) carrer Pujades 79 i provista de NIF U72981061.<br><br>Correu electr\u00f2nic:&nbsp;info@barcelonaxrlab.com<\/p>\n\n\n\n<h2 class=\"wp-block-heading\">Amb quina finalitat es tracten les dades personals de l&#8217;usuari?<\/h2>\n\n\n\n<p>La UTE tracta la informaci\u00f3 facilitada per l&#8217;Usuari per tal d&#8217;atendre les sol\u00b7licituds d&#8217;\u00edndole diversa dutes a terme per part d&#8217;aquest. En funci\u00f3 de la naturalesa de la sol\u00b7licitud, la finalitat perseguir\u00e0 la gesti\u00f3 de (i) consultes i sol\u00b7licituds de propostes, (RFP) remeses a trav\u00e9s del formulari de contacte habilitat a aquest efecte, (ii) curricula remesos a trav\u00e9s del Web Site, (iii) la participaci\u00f3 en blocs, mitjan\u00e7ant comentaris, (iv) la subscripci\u00f3 a contingut exclusiu de la UTE, (v) dacord amb els seus interessos. La UTE podr\u00e0 elaborar un perfil comercial, basant-se en la informaci\u00f3 facilitada. No es prendran decisions automatitzades sobre la base d&#8217;aquest perfil.<br><br>En cas que l&#8217;Usuari es registri al Web Site a trav\u00e9s del login social, la UTE \u00fanicament accedir\u00e0 a les dades personals de l&#8217;Usuari per a les quals aquest hagi prestat el seu consentiment durant la configuraci\u00f3 de l&#8217;acc\u00e9s de la xarxa social de qu\u00e8 es tracti. Qualsevol informaci\u00f3 facilitada en connexi\u00f3 amb aquestes aplicacions socials podria ser accedida per membres de la corresponent xarxa social, aquestes interaccions es regiran per les pol\u00edtiques de privadesa de les entitats prestadores dels serveis. La UTE no disposa de cap control ni responsabilitat respecte de les entitats esmentades o de l&#8217;\u00fas que facin de la informaci\u00f3 de l&#8217;Usuari.<\/p>\n\n\n\n<h2 class=\"wp-block-heading\">Informaci\u00f3 sobre el tractament de dades per a enviament de comunicacions des de La UTE.<\/h2>\n\n\n\n<p>Les dades emprades, o facilitades, a les comunicacions informatives i\/o promocionals s\u00f3n tractades per La UTE per a finalitats consistents en l&#8217;enviament electr\u00f2nic d&#8217;informaci\u00f3 i comunicacions sobre serveis, activitats, publicacions, celebracions i esdeveniments o esdeveniments socials i professionals de La UTE; el seguiment i optimitzaci\u00f3 de les campanyes de m\u00e0rqueting realitzades mitjan\u00e7ant tecnologies a aquest efecte; i l&#8217;elaboraci\u00f3 de perfils amb finalitats comercials emprant dades de contacte i les seues prefer\u00e8ncies.<br><br>Constitueix base jur\u00eddica dels tractaments esmentats el consentiment expr\u00e9s atorgat pel titular. En cadascuna de les comunicacions rebudes es pot donar de baixa d&#8217;aquests enviaments mitjan\u00e7ant el mecanisme habilitat a aquest efecte. El criteri de conservaci\u00f3 de les dades tindr\u00e0 base en la manifestaci\u00f3 contr\u00e0ria al tractament per part seva. En tot cas, es podran exercitar els drets d&#8217;acc\u00e9s, rectificaci\u00f3, oposici\u00f3, cancel\u00b7laci\u00f3, portabilitat i limitaci\u00f3 del tractament, aix\u00ed com plantejar qualsevol consulta respecte del tractament de les vostres dades personals a trav\u00e9s del correu electr\u00f2nic<\/p>\n\n\n\n<h2 class=\"wp-block-heading\">Per quant de temps es conserven les dades personals de l&#8217;Usuari?<\/h2>\n\n\n\n<p>Amb car\u00e0cter general, les dades personals proporcionades es conservaran durant el temps necessari per atendre la sol\u00b7licitud de l&#8217;Usuari o mentre no es sol\u00b7liciti la supressi\u00f3 per l&#8217;Usuari. En el cas concret de curr\u00edculum, les dades seran conservades per un per\u00edode m\u00e0xim de tres anys, excepte indicaci\u00f3 en contra per part de l&#8217;interessat<\/p>\n\n\n\n<h2 class=\"wp-block-heading\">Quina \u00e9s la legitimaci\u00f3 per al tractament de les dades personals de l&#8217;usuari?<\/h2>\n\n\n\n<p>La base legal per al tractament de les dades \u00e9s la legitimaci\u00f3 per consentiment de l\u2019usuari.<\/p>\n\n\n\n<h2 class=\"wp-block-heading\">A quins destinataris es comunicaran les dades personals de l&#8217;Usuari?<\/h2>\n\n\n\n<p>Les dades podran ser cedides a administracions i organismes p\u00fablics per complir obligacions directament exigibles a La UTE.<br>En aquells casos en qu\u00e8 l&#8217;Usuari accepti l&#8217;assist\u00e8ncia a esdeveniments organitzats o patrocinats per La UTE en col\u00b7laboraci\u00f3 amb una altra\/s entitat\/s patrocinadores, coorganitzadores o prove\u00efdores de serveis, les dades personals podran ser facilitades a aquestes, amb base en l&#8217;inter\u00e8s leg\u00edtim d&#8217;identificar els assistents a l&#8217;esdeveniment que organitzen o patrocinen, aix\u00ed com el control d\u2019acc\u00e9s.<\/p>\n\n\n\n<h2 class=\"wp-block-heading\">Quins s\u00f3n els drets de l&#8217;usuari quan facilita les seves dades personals?<\/h2>\n\n\n\n<p>L&#8217;Usuari t\u00e9 dret a obtenir confirmaci\u00f3 sobre si La UTE tracta dades personals que li concerneixen, aix\u00ed com a accedir a les seves dades personals, sol\u00b7licitar la rectificaci\u00f3 de les dades inexactes o, si escau, sol\u00b7licitar-ne la supressi\u00f3 quan, entre altres motius, les dades ja no siguin necess\u00e0ries per als fins que van ser recollides.<br>En determinades circumst\u00e0ncies, l&#8217;Usuari podr\u00e0 sol\u00b7licitar la limitaci\u00f3 del tractament de les seves dades, cas en qu\u00e8 \u00fanicament es conservaran per a l&#8217;exercici o la defensa de reclamacions.<br>En determinades circumst\u00e0ncies i per motius relacionats amb la situaci\u00f3 particular, l&#8217;Usuari podr\u00e0 oposar-se al tractament de les seves dades. La UTE cessar\u00e0 en el tractament de les dades, tret de motius leg\u00edtims imperiosos, o l&#8217;exercici o la defensa de possibles reclamacions.<br>L&#8217;Usuari podr\u00e0 exercir el dret a la portabilitat de les dades, en un format estructurat, d&#8217;\u00fas com\u00fa i lectura mec\u00e0nica, ia transmetre&#8217;ls a un altre responsable del tractament. Aquesta acci\u00f3 podria comportar un c\u00e0non raonable que ha d&#8217;abonar l&#8217;Usuari, en funci\u00f3 dels costos administratius afrontats per satisfer la sol\u00b7licitud, de conformitat amb la normativa. L&#8217;Usuari podr\u00e0 plantejar les q\u00fcestions que consideri en relaci\u00f3 a la present Pol\u00edtica aix\u00ed com exercir els seus drets en els termes legalment previstos havent d&#8217;adre\u00e7ar una comunicaci\u00f3 mitjan\u00e7ant correu postal a: Barcelona (08005) carrer Pujades n\u00famero 79 \/ e-mail&nbsp;info@barcelonaxrlab.com<br><br>En cas de no obtenir satisfacci\u00f3 en lexercici dels seus drets, l\u2019Usuari podr\u00e0 presentar una reclamaci\u00f3 davant l\u2019Ag\u00e8ncia Espanyola de Protecci\u00f3 de Dades a trav\u00e9s de la seva seu electr\u00f2nica, en presentaci\u00f3 d\u2019una reclamaci\u00f3 de tutela de drets.<\/p>\n\n\n\n<p><\/p>\n","protected":false},"excerpt":{"rendered":"<p>Aquesta Pol\u00edtica de Protecci\u00f3 de dades i de privadesa regula el tractament de dades personals facilitades per l&#8217;Usuari a trav\u00e9s del Web Site que la UTE posa a disposici\u00f3 dels usuaris d&#8217;Internet. Aquesta Pol\u00edtica forma part integrant de l&#8217;Av\u00eds Legal accessible en tot moment des del Web Site.L&#8217;Usuari garanteix que les dades aportades s\u00f3n vertaderes, &hellip; <a href=\"https:\/\/barcelonaxrlab.com\/en\/privacy-policy\/\">Continued<\/a><\/p>\n","protected":false},"author":1,"featured_media":0,"parent":0,"menu_order":0,"comment_status":"closed","ping_status":"open","template":"template-legals.blade.php","meta":{"_acf_changed":false,"footnotes":""},"basics_global_taxonomy":[],"class_list":["post-263","page","type-page","status-publish","hentry"],"acf":[],"yoast_head":"<!-- This site is optimized with the Yoast SEO plugin v27.3 - https:\/\/yoast.com\/product\/yoast-seo-wordpress\/ -->\n<title>Privacy Policy - Barcelona XRLAB Palo Alto<\/title>\n<meta name=\"robots\" content=\"index, follow, max-snippet:-1, max-image-preview:large, max-video-preview:-1\" \/>\n<link rel=\"canonical\" href=\"https:\/\/barcelonaxrlab.com\/en\/privacy-policy\/\" \/>\n<meta property=\"og:locale\" content=\"en_US\" \/>\n<meta property=\"og:type\" content=\"article\" \/>\n<meta property=\"og:title\" content=\"Privacy Policy - Barcelona XRLAB Palo Alto\" \/>\n<meta property=\"og:description\" content=\"Aquesta Pol\u00edtica de Protecci\u00f3 de dades i de privadesa regula el tractament de dades personals facilitades per l&#8217;Usuari a trav\u00e9s del Web Site que la UTE posa a disposici\u00f3 dels usuaris d&#8217;Internet. Aquesta Pol\u00edtica forma part integrant de l&#8217;Av\u00eds Legal accessible en tot moment des del Web Site.L&#8217;Usuari garanteix que les dades aportades s\u00f3n vertaderes, &hellip; Continued\" \/>\n<meta property=\"og:url\" content=\"https:\/\/barcelonaxrlab.com\/en\/privacy-policy\/\" \/>\n<meta property=\"og:site_name\" content=\"Barcelona XRLAB Palo Alto\" \/>\n<meta property=\"article:modified_time\" content=\"2025-06-06T14:30:52+00:00\" \/>\n<meta name=\"twitter:card\" content=\"summary_large_image\" \/>\n<meta name=\"twitter:label1\" content=\"Est. reading time\" \/>\n\t<meta name=\"twitter:data1\" content=\"7 minutes\" \/>\n<script type=\"application\/ld+json\" class=\"yoast-schema-graph\">{\"@context\":\"https:\\\/\\\/schema.org\",\"@graph\":[{\"@type\":\"WebPage\",\"@id\":\"https:\\\/\\\/barcelonaxrlab.com\\\/en\\\/privacy-policy\\\/\",\"url\":\"https:\\\/\\\/barcelonaxrlab.com\\\/en\\\/privacy-policy\\\/\",\"name\":\"Privacy Policy - Barcelona XRLAB Palo Alto\",\"isPartOf\":{\"@id\":\"https:\\\/\\\/barcelonaxrlab.com\\\/#website\"},\"datePublished\":\"2025-04-28T08:40:08+00:00\",\"dateModified\":\"2025-06-06T14:30:52+00:00\",\"breadcrumb\":{\"@id\":\"https:\\\/\\\/barcelonaxrlab.com\\\/en\\\/privacy-policy\\\/#breadcrumb\"},\"inLanguage\":\"en-US\",\"potentialAction\":[{\"@type\":\"ReadAction\",\"target\":[\"https:\\\/\\\/barcelonaxrlab.com\\\/en\\\/privacy-policy\\\/\"]}]},{\"@type\":\"BreadcrumbList\",\"@id\":\"https:\\\/\\\/barcelonaxrlab.com\\\/en\\\/privacy-policy\\\/#breadcrumb\",\"itemListElement\":[{\"@type\":\"ListItem\",\"position\":1,\"name\":\"Home\",\"item\":\"https:\\\/\\\/barcelonaxrlab.com\\\/en\\\/\"},{\"@type\":\"ListItem\",\"position\":2,\"name\":\"Privacy Policy\"}]},{\"@type\":\"WebSite\",\"@id\":\"https:\\\/\\\/barcelonaxrlab.com\\\/#website\",\"url\":\"https:\\\/\\\/barcelonaxrlab.com\\\/\",\"name\":\"Barcelona XRLAB Palo Alto\",\"description\":\"Descobreix. Crea. Innova.\",\"potentialAction\":[{\"@type\":\"SearchAction\",\"target\":{\"@type\":\"EntryPoint\",\"urlTemplate\":\"https:\\\/\\\/barcelonaxrlab.com\\\/?s={search_term_string}\"},\"query-input\":{\"@type\":\"PropertyValueSpecification\",\"valueRequired\":true,\"valueName\":\"search_term_string\"}}],\"inLanguage\":\"en-US\"}]}<\/script>\n<!-- \/ Yoast SEO plugin. -->","yoast_head_json":{"title":"Privacy Policy - Barcelona XRLAB Palo Alto","robots":{"index":"index","follow":"follow","max-snippet":"max-snippet:-1","max-image-preview":"max-image-preview:large","max-video-preview":"max-video-preview:-1"},"canonical":"https:\/\/barcelonaxrlab.com\/en\/privacy-policy\/","og_locale":"en_US","og_type":"article","og_title":"Privacy Policy - Barcelona XRLAB Palo Alto","og_description":"Aquesta Pol\u00edtica de Protecci\u00f3 de dades i de privadesa regula el tractament de dades personals facilitades per l&#8217;Usuari a trav\u00e9s del Web Site que la UTE posa a disposici\u00f3 dels usuaris d&#8217;Internet. Aquesta Pol\u00edtica forma part integrant de l&#8217;Av\u00eds Legal accessible en tot moment des del Web Site.L&#8217;Usuari garanteix que les dades aportades s\u00f3n vertaderes, &hellip; Continued","og_url":"https:\/\/barcelonaxrlab.com\/en\/privacy-policy\/","og_site_name":"Barcelona XRLAB Palo Alto","article_modified_time":"2025-06-06T14:30:52+00:00","twitter_card":"summary_large_image","twitter_misc":{"Est. reading time":"7 minutes"},"schema":{"@context":"https:\/\/schema.org","@graph":[{"@type":"WebPage","@id":"https:\/\/barcelonaxrlab.com\/en\/privacy-policy\/","url":"https:\/\/barcelonaxrlab.com\/en\/privacy-policy\/","name":"Privacy Policy - Barcelona XRLAB Palo Alto","isPartOf":{"@id":"https:\/\/barcelonaxrlab.com\/#website"},"datePublished":"2025-04-28T08:40:08+00:00","dateModified":"2025-06-06T14:30:52+00:00","breadcrumb":{"@id":"https:\/\/barcelonaxrlab.com\/en\/privacy-policy\/#breadcrumb"},"inLanguage":"en-US","potentialAction":[{"@type":"ReadAction","target":["https:\/\/barcelonaxrlab.com\/en\/privacy-policy\/"]}]},{"@type":"BreadcrumbList","@id":"https:\/\/barcelonaxrlab.com\/en\/privacy-policy\/#breadcrumb","itemListElement":[{"@type":"ListItem","position":1,"name":"Home","item":"https:\/\/barcelonaxrlab.com\/en\/"},{"@type":"ListItem","position":2,"name":"Privacy Policy"}]},{"@type":"WebSite","@id":"https:\/\/barcelonaxrlab.com\/#website","url":"https:\/\/barcelonaxrlab.com\/","name":"Barcelona XRLAB Palo Alto","description":"Descobreix. Crea. Innova.","potentialAction":[{"@type":"SearchAction","target":{"@type":"EntryPoint","urlTemplate":"https:\/\/barcelonaxrlab.com\/?s={search_term_string}"},"query-input":{"@type":"PropertyValueSpecification","valueRequired":true,"valueName":"search_term_string"}}],"inLanguage":"en-US"}]}},"_links":{"self":[{"href":"https:\/\/barcelonaxrlab.com\/en\/wp-json\/wp\/v2\/pages\/263","targetHints":{"allow":["GET"]}}],"collection":[{"href":"https:\/\/barcelonaxrlab.com\/en\/wp-json\/wp\/v2\/pages"}],"about":[{"href":"https:\/\/barcelonaxrlab.com\/en\/wp-json\/wp\/v2\/types\/page"}],"author":[{"embeddable":true,"href":"https:\/\/barcelonaxrlab.com\/en\/wp-json\/wp\/v2\/users\/1"}],"replies":[{"embeddable":true,"href":"https:\/\/barcelonaxrlab.com\/en\/wp-json\/wp\/v2\/comments?post=263"}],"version-history":[{"count":1,"href":"https:\/\/barcelonaxrlab.com\/en\/wp-json\/wp\/v2\/pages\/263\/revisions"}],"predecessor-version":[{"id":267,"href":"https:\/\/barcelonaxrlab.com\/en\/wp-json\/wp\/v2\/pages\/263\/revisions\/267"}],"wp:attachment":[{"href":"https:\/\/barcelonaxrlab.com\/en\/wp-json\/wp\/v2\/media?parent=263"}],"wp:term":[{"taxonomy":"basics_global_taxonomy","embeddable":true,"href":"https:\/\/barcelonaxrlab.com\/en\/wp-json\/wp\/v2\/basics_global_taxonomy?post=263"}],"curies":[{"name":"wp","href":"https:\/\/api.w.org\/{rel}","templated":true}]}}